{"id":66,"date":"2019-03-01T13:41:33","date_gmt":"2019-03-01T16:41:33","guid":{"rendered":"https:\/\/www.escuelalosleones.cl\/leones\/?page_id=66"},"modified":"2019-10-08T13:42:41","modified_gmt":"2019-10-08T16:42:41","slug":"presentacion","status":"publish","type":"page","link":"https:\/\/www.escuelalosleones.cl\/leones\/presentacion\/","title":{"rendered":"Presentaci\u00f3n"},"content":{"rendered":"\n<div class=\"wp-block-image\"><figure class=\"alignleft is-resized\"><img decoding=\"async\" loading=\"lazy\" src=\"https:\/\/www.escuelalosleones.cl\/leones\/wp-content\/uploads\/2019\/10\/presentacion-1024x806.jpg\" alt=\"\" class=\"wp-image-67\" width=\"470\" height=\"370\" srcset=\"https:\/\/www.escuelalosleones.cl\/leones\/wp-content\/uploads\/2019\/10\/presentacion-1024x806.jpg 1024w, https:\/\/www.escuelalosleones.cl\/leones\/wp-content\/uploads\/2019\/10\/presentacion-300x236.jpg 300w, https:\/\/www.escuelalosleones.cl\/leones\/wp-content\/uploads\/2019\/10\/presentacion-768x605.jpg 768w, https:\/\/www.escuelalosleones.cl\/leones\/wp-content\/uploads\/2019\/10\/presentacion-696x548.jpg 696w, https:\/\/www.escuelalosleones.cl\/leones\/wp-content\/uploads\/2019\/10\/presentacion-1068x841.jpg 1068w, https:\/\/www.escuelalosleones.cl\/leones\/wp-content\/uploads\/2019\/10\/presentacion-533x420.jpg 533w, https:\/\/www.escuelalosleones.cl\/leones\/wp-content\/uploads\/2019\/10\/presentacion.jpg 1600w\" sizes=\"(max-width: 470px) 100vw, 470px\" \/><\/figure><\/div>\n\n\n\n<p>\nLa Escuela Los Leones, es una \ninstituci\u00f3n eminentemente humanista, cient\u00edfica y laica que garantiza y \ncautela el derecho a la educaci\u00f3n de los j\u00f3venes que estudian en sus \naulas, respetando y promoviendo los derechos esenciales de la persona \nhumana expresado en la legislaci\u00f3n vigente en nuestro pa\u00eds.&nbsp;\n\nAntiguamente el establecimiento funcionaba en calle Yumbel 698, bajo el \nnombre de \u201cEscuela de Deportes\u201d, sin embargo, el crecimiento poblacional\n generado por la construcci\u00f3n de las poblaciones y villas habitacionales\n en el sector nor oriente, y el problema de locomoci\u00f3n de ese sector al \ncentro de la ciudad, determin\u00f3 su traslado a su actual ubicaci\u00f3n \ngeogr\u00e1fica, la que se encuentra en Poblaci\u00f3n Pedro Aguirre Cerda, calle \nProfesor Rafael Viguera N\u00ba10 de la ciudad de Linares.\n\nLa Escuela Los Leones, atiende a ni\u00f1os provenientes de sectores socio \necon\u00f3micos bajo, catalogado por el Sistema de medici\u00f3n. Con un \nporcentaje significativo de familias pertenecientes al Programa Chile \nsolidario y varios alumnos prioritarios, influyendo en el escaso apoyo \nde parte de las familias\n\nen el crecimiento y autoafirmaci\u00f3n personal de nuestros alumnos, \nhaciendo a nuestro establecimiento altamente vulnerable, la cual tiene \nun IVE SINAE 2014 del 93,53%.\n\nEl nivel socio econ\u00f3mico de bajos niveles de ingreso en el hogar y la \nbaja escolaridad de los padres y apoderados, provoca graves problemas en\n el proceso de ense\u00f1anza aprendizaje, traduci\u00e9ndose esto en deficiencias\n en la expresi\u00f3n oral, escaso vocabulario, mala pronunciaci\u00f3n y un \ndescendido\n\nnivel de desarrollo personal y social de los alumnos y alumnas Por \ntanto, es fundamental para la construcci\u00f3n y pr\u00e1ctica curricular, tener \npresente en la educaci\u00f3n de los alumnos, un conjunto de principios que \nconfiguran una educaci\u00f3n eminentemente humanista y potenciadora de las\n\nni\u00f1as y ni\u00f1os como personas, capaces de aprender, basados en los \nprincipios pedag\u00f3gicos que considera al ni\u00f1o con sus necesidades e \nintereses de protecci\u00f3n, protagonismo, afectividad y cognici\u00f3n, \ngenerando en ellos sentimientos de aceptaci\u00f3n, seguridad y plenitud, \njunto al goce por\n\n\n\naprender, principio de actividad, en el cual los ni\u00f1os y ni\u00f1as ser\u00e1n \nprotagonistas de sus aprendizajes, a trav\u00e9s de procesos de apropiaci\u00f3n, \nconstrucci\u00f3n y comunicaci\u00f3n, lo cual implicar\u00e1 considerar que nuestros \nalumnos aprendan actuando, sintiendo y pensando, principio de \nsingularidad, ya que cada ni\u00f1o es \u00fanico y con caracter\u00edsticas que se \ndeben respetar.\n\nEl sentido prioritario de la creaci\u00f3n de la Jornada Escolar Completa, la\n cual es autorizada mediante la Resoluci\u00f3n N\u00ba 50 del 21-02-02, es la \nobtenci\u00f3n de buenos resultados en los aprendizajes y en el desarrollo \nsocial y personal de los alumnos y alumnas, lo anterior se lograr\u00e1 \nmediante actividades concretas participativas en talleres que apunten a \nreforzar habilidades de lectoescritura y l\u00f3gico matem\u00e1ticas, medio \nnatural, art\u00edstico y deportivo y as\u00ed afianzar el desarrollo personal.\n\nBajo los principios de educaci\u00f3n de calidad y equidad, la Escuela Los \nLeones realiz\u00f3 una evaluaci\u00f3n diagn\u00f3stica en el aspecto intelectual y \npsicopedag\u00f3gica, orientando las necesidades a la creaci\u00f3n de un Proyecto\n de Integraci\u00f3n Escolar para los alumnos que presentan discapacidad \nintelectual, la cual fue aprobada a trav\u00e9s de la Resoluci\u00f3n N\u00ba 1315 del \n25\/05\/11.\n\nSe incorporar\u00e1 adem\u00e1s la asignatura de Ingl\u00e9s en Primero B\u00e1sico \n(Resoluci\u00f3n exenta N\u00ba 3618 del17\/11\/2011) y Segundo B\u00e1sico (Resoluci\u00f3n \nExenta N\u00aa 0036 del 06\/01\/2012) que autoriza Planes y\n\nProgramas propios de Ingles, utilizando dos horas de libre disposici\u00f3n \npara ello. Y como una forma de motivar e ir entregado conocimientos que \nprevios hac\u00eda la asignatura de Ingl\u00e9s, se potenciara con dos horas de \ntaller en los cursos de 3\u00b0 y 4\u00b0 b\u00e1sico.\n\n<\/p>\n","protected":false},"excerpt":{"rendered":"<p>La Escuela Los Leones, es una instituci\u00f3n eminentemente humanista, cient\u00edfica y laica que garantiza y cautela el derecho a la educaci\u00f3n de los j\u00f3venes que estudian en sus aulas, respetando y promoviendo los derechos esenciales de la persona humana expresado en la legislaci\u00f3n vigente en nuestro pa\u00eds.&nbsp; Antiguamente el establecimiento funcionaba en calle Yumbel 698, [&hellip;]<\/p>\n","protected":false},"author":1,"featured_media":0,"parent":0,"menu_order":0,"comment_status":"closed","ping_status":"closed","template":"","meta":{"footnotes":""},"_links":{"self":[{"href":"https:\/\/www.escuelalosleones.cl\/leones\/wp-json\/wp\/v2\/pages\/66"}],"collection":[{"href":"https:\/\/www.escuelalosleones.cl\/leones\/wp-json\/wp\/v2\/pages"}],"about":[{"href":"https:\/\/www.escuelalosleones.cl\/leones\/wp-json\/wp\/v2\/types\/page"}],"author":[{"embeddable":true,"href":"https:\/\/www.escuelalosleones.cl\/leones\/wp-json\/wp\/v2\/users\/1"}],"replies":[{"embeddable":true,"href":"https:\/\/www.escuelalosleones.cl\/leones\/wp-json\/wp\/v2\/comments?post=66"}],"version-history":[{"count":1,"href":"https:\/\/www.escuelalosleones.cl\/leones\/wp-json\/wp\/v2\/pages\/66\/revisions"}],"predecessor-version":[{"id":68,"href":"https:\/\/www.escuelalosleones.cl\/leones\/wp-json\/wp\/v2\/pages\/66\/revisions\/68"}],"wp:attachment":[{"href":"https:\/\/www.escuelalosleones.cl\/leones\/wp-json\/wp\/v2\/media?parent=66"}],"curies":[{"name":"wp","href":"https:\/\/api.w.org\/{rel}","templated":true}]}}