{"id":52,"date":"2019-10-08T00:13:48","date_gmt":"2019-10-08T03:13:48","guid":{"rendered":"https:\/\/www.escuelalosleones.cl\/leones\/?page_id=52"},"modified":"2019-10-08T00:13:49","modified_gmt":"2019-10-08T03:13:49","slug":"mision","status":"publish","type":"page","link":"https:\/\/www.escuelalosleones.cl\/leones\/mision\/","title":{"rendered":"Misi\u00f3n"},"content":{"rendered":"\n<p style=\"text-align:left\">\nEducar\n ni\u00f1os y ni\u00f1as aut\u00f3nomos con una formaci\u00f3n integral de calidad, capaces \nde enfrentar las exigencias sociales y culturales de una sociedad en \nconstante cambio, a trav\u00e9s de las tecnolog\u00edas de la informaci\u00f3n y \ncomunicaci\u00f3n bajo los sellos de responsabilidad, tolerancia y \nsolidaridad, orientados hacia el compromiso con la comunidad y \nrespetando a la diversidad que compone su entorno.\n\n<\/p>\n","protected":false},"excerpt":{"rendered":"<p>Educar ni\u00f1os y ni\u00f1as aut\u00f3nomos con una formaci\u00f3n integral de calidad, capaces de enfrentar las exigencias sociales y culturales de una sociedad en constante cambio, a trav\u00e9s de las tecnolog\u00edas de la informaci\u00f3n y comunicaci\u00f3n bajo los sellos de responsabilidad, tolerancia y solidaridad, orientados hacia el compromiso con la comunidad y respetando a la diversidad [&hellip;]<\/p>\n","protected":false},"author":1,"featured_media":0,"parent":0,"menu_order":0,"comment_status":"closed","ping_status":"closed","template":"","meta":{"footnotes":""},"_links":{"self":[{"href":"https:\/\/www.escuelalosleones.cl\/leones\/wp-json\/wp\/v2\/pages\/52"}],"collection":[{"href":"https:\/\/www.escuelalosleones.cl\/leones\/wp-json\/wp\/v2\/pages"}],"about":[{"href":"https:\/\/www.escuelalosleones.cl\/leones\/wp-json\/wp\/v2\/types\/page"}],"author":[{"embeddable":true,"href":"https:\/\/www.escuelalosleones.cl\/leones\/wp-json\/wp\/v2\/users\/1"}],"replies":[{"embeddable":true,"href":"https:\/\/www.escuelalosleones.cl\/leones\/wp-json\/wp\/v2\/comments?post=52"}],"version-history":[{"count":1,"href":"https:\/\/www.escuelalosleones.cl\/leones\/wp-json\/wp\/v2\/pages\/52\/revisions"}],"predecessor-version":[{"id":53,"href":"https:\/\/www.escuelalosleones.cl\/leones\/wp-json\/wp\/v2\/pages\/52\/revisions\/53"}],"wp:attachment":[{"href":"https:\/\/www.escuelalosleones.cl\/leones\/wp-json\/wp\/v2\/media?parent=52"}],"curies":[{"name":"wp","href":"https:\/\/api.w.org\/{rel}","templated":true}]}}