{"id":46,"date":"2019-10-07T23:06:43","date_gmt":"2019-10-08T02:06:43","guid":{"rendered":"https:\/\/www.escuelalosleones.cl\/leones\/?page_id=46"},"modified":"2019-10-07T23:10:16","modified_gmt":"2019-10-08T02:10:16","slug":"politica-de-privacidad","status":"publish","type":"page","link":"https:\/\/www.escuelalosleones.cl\/leones\/politica-de-privacidad\/","title":{"rendered":"Pol\u00edtica de Privacidad"},"content":{"rendered":"\n<p><\/p>\n\n\n\n<p>El presente \nPol\u00edtica de Privacidad establece los t\u00e9rminos en que Escuela Los Leones \nusa y protege la informaci\u00f3n que es proporcionada por sus usuarios al \nmomento de utilizar su sitio web. Esta compa\u00f1\u00eda est\u00e1 comprometida con la\n seguridad de los datos de sus usuarios. Cuando le pedimos llenar los \ncampos de informaci\u00f3n personal con la cual usted pueda ser identificado,\n lo hacemos asegurando que s\u00f3lo se emplear\u00e1 de acuerdo con los t\u00e9rminos \nde este documento. Sin embargo esta Pol\u00edtica de Privacidad puede cambiar\n con el tiempo o ser actualizada por lo que le recomendamos y \nenfatizamos revisar continuamente esta p\u00e1gina para asegurarse que est\u00e1 \nde acuerdo con dichos cambios.<\/p>\n\n\n\n<p><strong>Informaci\u00f3n que es recogida<\/strong><\/p>\n\n\n\n<p>Nuestro\n sitio web podr\u00e1 recoger informaci\u00f3n personal por ejemplo: Nombre,&nbsp; \ninformaci\u00f3n de contacto como&nbsp; su direcci\u00f3n de correo electr\u00f3nica e \ninformaci\u00f3n demogr\u00e1fica. As\u00ed mismo cuando sea necesario podr\u00e1 ser \nrequerida informaci\u00f3n espec\u00edfica para procesar alg\u00fan pedido o realizar \nuna entrega o facturaci\u00f3n.<\/p>\n\n\n\n<p><strong>Uso de la informaci\u00f3n recogida<\/strong><\/p>\n\n\n\n<p>Nuestro\n sitio web emplea la informaci\u00f3n con el fin de proporcionar el mejor \nservicio posible, particularmente para mantener un registro de usuarios,\n de pedidos en caso que aplique, y mejorar nuestros productos y \nservicios. &nbsp;Es posible que sean enviados correos electr\u00f3nicos \nperi\u00f3dicamente a trav\u00e9s de nuestro sitio con ofertas especiales, nuevos \nproductos y otra informaci\u00f3n publicitaria que consideremos relevante \npara usted o que pueda brindarle alg\u00fan beneficio, estos correos \nelectr\u00f3nicos ser\u00e1n enviados a la direcci\u00f3n que usted proporcione y \npodr\u00e1n ser cancelados en cualquier momento.<\/p>\n\n\n\n<p>Escuela Los Leones \nest\u00e1 altamente comprometido para cumplir con el compromiso de mantener \nsu informaci\u00f3n segura. Usamos los sistemas m\u00e1s avanzados y los \nactualizamos constantemente para asegurarnos que no exista ning\u00fan acceso\n no autorizado.<\/p>\n\n\n\n<p><strong>Cookies<\/strong><\/p>\n\n\n\n<p>Una cookie se \nrefiere a un fichero que es enviado con la finalidad de solicitar \npermiso para almacenarse en su ordenador, al aceptar dicho fichero se \ncrea y la cookie sirve entonces para tener informaci\u00f3n respecto al \ntr\u00e1fico web, y tambi\u00e9n facilita las futuras visitas a una web \nrecurrente. Otra funci\u00f3n que tienen las cookies es que con ellas las web\n pueden reconocerte individualmente y por tanto brindarte el mejor \nservicio personalizado de su web.<\/p>\n\n\n\n<p>Nuestro sitio web emplea las \ncookies para poder identificar las p\u00e1ginas que son visitadas y su \nfrecuencia. Esta informaci\u00f3n es empleada \u00fanicamente para an\u00e1lisis \nestad\u00edstico y despu\u00e9s la informaci\u00f3n se elimina de forma permanente. \nUsted puede eliminar las cookies en cualquier momento desde su \nordenador. Sin embargo las cookies ayudan a proporcionar un mejor \nservicio de los sitios web, est\u00e1s no dan acceso a informaci\u00f3n de su \nordenador ni de usted, a menos de que usted as\u00ed lo quiera y la \nproporcione directamente, <a href=\"https:\/\/www.lasvegas.es\" target=\"_blank\" rel=\"noreferrer noopener\">visitas a una web <\/a>.\n Usted puede aceptar o negar el uso de cookies, sin embargo la mayor\u00eda \nde navegadores aceptan cookies autom\u00e1ticamente pues sirve para tener un \nmejor servicio web. Tambi\u00e9n usted puede cambiar la configuraci\u00f3n de su \nordenador para declinar las cookies. Si se declinan es posible que no \npueda utilizar algunos de nuestros servicios.<\/p>\n\n\n\n<p><strong>Enlaces a Terceros<\/strong><\/p>\n\n\n\n<p>Este\n sitio web pudiera contener en laces a otros sitios que pudieran ser de \nsu inter\u00e9s. Una vez que usted de clic en estos enlaces y abandone \nnuestra p\u00e1gina, ya no tenemos control sobre al sitio al que es \nredirigido y por lo tanto no somos responsables de los t\u00e9rminos o \nprivacidad ni de la protecci\u00f3n de sus datos en esos otros sitios \nterceros. Dichos sitios est\u00e1n sujetos a sus propias pol\u00edticas de \nprivacidad por lo cual es recomendable que los consulte para confirmar \nque usted est\u00e1 de acuerdo con estas.<\/p>\n\n\n\n<p><strong>Control de su informaci\u00f3n personal<\/strong><\/p>\n\n\n\n<p>En\n cualquier momento usted puede restringir la recopilaci\u00f3n o el uso de la\n informaci\u00f3n personal que es proporcionada a nuestro sitio web.&nbsp; Cada \nvez que se le solicite rellenar un formulario, como el de alta de \nusuario, puede marcar o desmarcar la opci\u00f3n de recibir informaci\u00f3n por \ncorreo electr\u00f3nico. &nbsp;En caso de que haya marcado la opci\u00f3n de recibir \nnuestro bolet\u00edn o publicidad usted puede cancelarla en cualquier \nmomento.<\/p>\n\n\n\n<p>Esta compa\u00f1\u00eda no vender\u00e1, ceder\u00e1 ni distribuir\u00e1 la \ninformaci\u00f3n personal que es recopilada sin su consentimiento, salvo que \nsea requerido por un juez con un orden judicial.<\/p>\n\n\n\n<p>Escuela Los Leones Se reserva el derecho de cambiar los t\u00e9rminos de la presente Pol\u00edtica de Privacidad en cualquier momento.<\/p>\n","protected":false},"excerpt":{"rendered":"<p>El presente Pol\u00edtica de Privacidad establece los t\u00e9rminos en que Escuela Los Leones usa y protege la informaci\u00f3n que es proporcionada por sus usuarios al momento de utilizar su sitio web. Esta compa\u00f1\u00eda est\u00e1 comprometida con la seguridad de los datos de sus usuarios. Cuando le pedimos llenar los campos de informaci\u00f3n personal con la [&hellip;]<\/p>\n","protected":false},"author":1,"featured_media":0,"parent":0,"menu_order":0,"comment_status":"closed","ping_status":"closed","template":"","meta":{"footnotes":""},"_links":{"self":[{"href":"https:\/\/www.escuelalosleones.cl\/leones\/wp-json\/wp\/v2\/pages\/46"}],"collection":[{"href":"https:\/\/www.escuelalosleones.cl\/leones\/wp-json\/wp\/v2\/pages"}],"about":[{"href":"https:\/\/www.escuelalosleones.cl\/leones\/wp-json\/wp\/v2\/types\/page"}],"author":[{"embeddable":true,"href":"https:\/\/www.escuelalosleones.cl\/leones\/wp-json\/wp\/v2\/users\/1"}],"replies":[{"embeddable":true,"href":"https:\/\/www.escuelalosleones.cl\/leones\/wp-json\/wp\/v2\/comments?post=46"}],"version-history":[{"count":2,"href":"https:\/\/www.escuelalosleones.cl\/leones\/wp-json\/wp\/v2\/pages\/46\/revisions"}],"predecessor-version":[{"id":49,"href":"https:\/\/www.escuelalosleones.cl\/leones\/wp-json\/wp\/v2\/pages\/46\/revisions\/49"}],"wp:attachment":[{"href":"https:\/\/www.escuelalosleones.cl\/leones\/wp-json\/wp\/v2\/media?parent=46"}],"curies":[{"name":"wp","href":"https:\/\/api.w.org\/{rel}","templated":true}]}}